{"id":166,"date":"2023-02-11T00:32:28","date_gmt":"2023-02-11T00:32:28","guid":{"rendered":"https:\/\/lavoratoristagionali.com\/Hiring\/?page_id=166"},"modified":"2025-08-18T07:35:02","modified_gmt":"2025-08-18T07:35:02","slug":"datori-di-lavoro","status":"publish","type":"page","link":"https:\/\/lavoratoristagionali.com\/Hiring\/datori-di-lavoro\/","title":{"rendered":"Datori Di Lavoro"},"content":{"rendered":"\n<h1 class=\"wp-block-heading has-white-color has-luminous-vivid-amber-background-color has-text-color has-background\" id=\"vbid-552ac371-ikmfqded\"><strong>UNA CONOSCENZA APPROFONDITA PORTA GRANDI RISULTATI<\/strong><\/h1>\n\n\n\n<h2 class=\"wp-block-heading\" id=\"vbid-6c01f740-7tigyyyk\">Proposta di assunzione di lavoratori satgionali<\/h2>\n\n\n\n<hr class=\"wp-block-separator has-text-color has-vivid-green-cyan-color has-alpha-channel-opacity has-vivid-green-cyan-background-color has-background is-style-wide\"\/>\n\n\n\n<p><\/p>\n\n\n\n<p class=\"has-white-background-color has-background\">Ciao, Lavoratori Stagionali \u00e8 un team creato per aiutare a risolvere il problema della carenza di lavoro in Italia e lavorare per le aziende europee. Siamo una societ\u00e0 di reclutamento professionale che fornisce soluzioni di personale stagionale per le piccole e grandi aziende. Possiamo procurarvi i lavoratori stagionali di cui avete bisogno, figure professionali e non<\/p>\n\n\n\n<p class=\"has-white-background-color has-background\"><strong>SOLUZIONI PER PICCOLE IMPRESE<\/strong><\/p>\n\n\n\n<p>Anche se la vostra \u00e8 una piccola azienda, vi aiuteremo comunque a crescere con l&#8217;aiuto di lavoratori stagionali competenti. Potete chiederci quante pi\u00f9 figure possibili: che siano una, cento o mille. Vi forniremo il numero di persone necessarie per lo sviluppo della vostra azienda.<\/p>\n\n\n\n<p><strong>SOLUZIONI PER GRANDI IMPRESE<\/strong><\/p>\n\n\n\n<p>Sappiamo come e dove trovare il lavoratore ideale. Soprattutto, come prepararli a essere una risorsa perfetta, grazie al nostro team di esperti. Il nostro team \u00e8 costantemente aggiornato: conosciamo le regole del mercato, ma vorremmo conoscere insieme le esigenze della vostra azienda. I nostri esperti valuteranno le vostre richieste e vi aiuteranno a prendere le migliori decisioni per il personale di oggi e del futuro. Siamo pi\u00f9 di un semplice servizio di reclutamento! Se avete domande, contattatemi direttamente per e-mail o per telefono.<\/p>\n\n\n\n<p>Nella speranza di incotrarvi presto.<\/p>\n\n\n\n<p>Grazie!<\/p>\n\n\n\n<p><\/p>\n\n\n\n<h2 class=\"wp-block-heading\" id=\"vbid-09dbb127-7tigyyyk\">Di<\/h2>\n\n\n\n<p>Lavoratori Stagionali \u00e8 un&#8217;azienda neozelandese che si occupa di contratti di lavoro e di risorse umane.<\/p>\n\n\n\n<p>Lavoratori Stagionali ha avuto un enorme successo nella creazione di una rete globale di forza lavoro intelligente altamente qualificata che pu\u00f2 aiutare l&#8217;industria agricola a raggiungere i suoi progetti e obiettivi mission-critical. Stare al passo con la forza lavoro ed essere alla ricerca di persone estremamente competenti \u00e8 diventato sempre pi\u00f9 difficile. \u00c8 qui che entra in gioco il Lavoratori Stagionali per portare i lavoratori stagionali pi\u00f9 adatti alla vostra azienda agricola.<\/p>\n\n\n\n<p>Tutte le nostre risorse sono poliedriche e sono accompagnate da anni di lodevoli prestazioni. Il tasso di completamento dei progetti dei nostri consulenti corrisponde al 97%, il 3% \u00e8 attribuito a situazioni impreviste come la chiusura del progetto, problemi di salute, trasferimento, ecc. Apprezziamo l&#8217;esperienza che i nostri lavoratori stagionali portano dai vari settori industriali e ci piace sfruttarla a reciproco vantaggio sia dei clienti che dei candidati. Siamo specializzati nell&#8217;agricoltura, nel settore hospitality, nell&#8217;informatica e nelle assunzioni di startup.<\/p>\n\n\n\n<p><strong>Ci occupiamo di:<\/strong><\/p>\n\n\n\n<ul class=\"wp-block-list\">\n<li>Interviste approfondite per conoscere il lavoratore.<\/li>\n\n\n\n<li>Supporto e assistenza durante il soggiorno dei lavoratori stagionali in Italia.<\/li>\n\n\n\n<li>Valutazione delle competenze dei lavoratori in base alle esigenze del datore di lavoro.<\/li>\n\n\n\n<li>Controllo delle referenze per verificare le capacit\u00e0 e le competenze effettive.<\/li>\n\n\n\n<li>Controllo della formazione dei lavoratori e dei precedenti penali, per avere la sicurezza di chi stiamo assumendo.<\/li>\n<\/ul>\n\n\n\n<h2 class=\"wp-block-heading\" id=\"vbid-435e1b2e-7tigyyyk\">Perch\u00e9<\/h2>\n\n\n\n<p>Il Lavoratori Stagionali ha una serie di talenti altamente qualificati che si basano su referral e partnership di successo. Abbiamo un tasso di riempimento dell&#8217;85% per ogni posizione aperta per cui collaboriamo.<\/p>\n\n\n\n<p><strong>Perch\u00e8 facciamo tutto questo:<\/strong><\/p>\n\n\n\n<ul class=\"wp-block-list\">\n<li>La maggior parte delle agenzie interinali locali addebitano ai loro lavoratori stagionali una tassa molto alta impossibile da rimborsare, per cui la maggior parte di questi lavoratori non pu\u00f2 ritornare nel proprio paese d&#8217;origine. Ci\u00f2 comporta un numero crescente di immigrati clandestini ogni anno.<\/li>\n\n\n\n<li>L&#8217;Italia ha una percentuale notevolmente elevata di immigrati clandestini. Come misure di controllo addebitiamo a questi lavoratori solo una tassa simbolica per ridurre il numero di clandestini.<\/li>\n\n\n\n<li>Sottolineiamo che i lavoratori dovrebbero tornare nel loro paese d&#8217;origine alla scadenza del loro visto di soggiorno, a meno che il datore di lavoro non desideri prorogare il loro visto. Questi lavoratori possono comunque ripresentare domanda per la stagione successiva.<\/li>\n\n\n\n<li>Forniamo un supporto continuo ad ogni lavoratore per evitare qualsiasi malinteso riguardo alle leggi e ai regolamenti del paese straniero.<\/li>\n\n\n\n<li>Insieme possiamo raggiungere tutti quegli obiettivi che sembravano impossibili da raggiungere da soli. Il nostro team di esperti sar\u00e0 al vostro fianco per aiutarvi nel vostro intento e ottenere il massimo<\/li>\n<\/ul>\n\n\n\n<p><\/p>\n\n\n\n<h2 class=\"wp-block-heading\" id=\"vbid-d92f5982-7tigyyyk\">Servizi offerti<\/h2>\n\n\n\n<p><strong>Servizio di consulenza<\/strong><\/p>\n\n\n\n<p>Lavoratori Stagionali offre i migliori talenti di consulenza rapidamente e senza costi aggiuntivi.<\/p>\n\n\n\n<p><strong>Impiegato a tempo pieno<\/strong><\/p>\n\n\n\n<p>Offriamo il miglior talento possibile per le tue esigenze di assunzione a tempo pieno senza lasciare le tasche vuote. Abbiamo battuto tutte le tasse di concorso e garantiamo il miglior talento.<\/p>\n\n\n\n<p><strong>Servizi di consulenza<\/strong><\/p>\n\n\n\n<p>Che si tratti di preparare documenti pertinenti, occuparsi delle formalit\u00e0 relative ai visti, problemi di viaggio dei lavoratori stagionali, assistenza o assistenza durante il loro soggiorno o alcune ricerche di base che devono essere fatte, il nostro team pu\u00f2 farlo per te.<\/p>\n","protected":false},"excerpt":{"rendered":"<p>UNA CONOSCENZA APPROFONDITA PORTA GRANDI RISULTATI Proposta di assunzione di lavoratori satgionali Ciao, Lavoratori Stagionali \u00e8 un team creato per aiutare a risolvere il problema &hellip; <\/p>\n","protected":false},"author":1,"featured_media":0,"parent":0,"menu_order":0,"comment_status":"closed","ping_status":"closed","template":"","meta":{"footnotes":""},"class_list":["post-166","page","type-page","status-publish","hentry"],"aioseo_notices":[],"_links":{"self":[{"href":"https:\/\/lavoratoristagionali.com\/Hiring\/wp-json\/wp\/v2\/pages\/166","targetHints":{"allow":["GET"]}}],"collection":[{"href":"https:\/\/lavoratoristagionali.com\/Hiring\/wp-json\/wp\/v2\/pages"}],"about":[{"href":"https:\/\/lavoratoristagionali.com\/Hiring\/wp-json\/wp\/v2\/types\/page"}],"author":[{"embeddable":true,"href":"https:\/\/lavoratoristagionali.com\/Hiring\/wp-json\/wp\/v2\/users\/1"}],"replies":[{"embeddable":true,"href":"https:\/\/lavoratoristagionali.com\/Hiring\/wp-json\/wp\/v2\/comments?post=166"}],"version-history":[{"count":5,"href":"https:\/\/lavoratoristagionali.com\/Hiring\/wp-json\/wp\/v2\/pages\/166\/revisions"}],"predecessor-version":[{"id":639,"href":"https:\/\/lavoratoristagionali.com\/Hiring\/wp-json\/wp\/v2\/pages\/166\/revisions\/639"}],"wp:attachment":[{"href":"https:\/\/lavoratoristagionali.com\/Hiring\/wp-json\/wp\/v2\/media?parent=166"}],"curies":[{"name":"wp","href":"https:\/\/api.w.org\/{rel}","templated":true}]}}