{"id":383,"date":"2024-11-26T08:45:07","date_gmt":"2024-11-26T08:45:07","guid":{"rendered":"https:\/\/lavoratoristagionali.com\/Hiring\/?page_id=383"},"modified":"2026-03-20T05:12:30","modified_gmt":"2026-03-20T05:12:30","slug":"schedule-a-meeting-with-our-international-business-development-manager-andy-gill","status":"publish","type":"page","link":"https:\/\/lavoratoristagionali.com\/Hiring\/schedule-a-meeting-with-our-international-business-development-manager-andy-gill\/","title":{"rendered":"Bezplatn\u00e1 \u00favodn\u00e1 konzult\u00e1cia"},"content":{"rendered":"<div class=\"wp-block-image\">\n<figure class=\"aligncenter size-full is-resized\"><img decoding=\"async\" src=\"data:image\/gif;base64,R0lGODlhAQABAAAAACH5BAEKAAEALAAAAAABAAEAAAICTAEAOw==\" data-layzr=\"https:\/\/lavoratoristagionali.com\/Hiring\/wp-content\/uploads\/2025\/08\/Black-Yellow-Elegant-Modern-Digital-Marketing-Linkedin-Article-Cover-Image-1-scaled.png\" alt=\"\" class=\"wp-image-628\" style=\"width:840px;height:auto\"\/><\/figure>\n<\/div>\n\n<p><!-- Start of Meetings Embed Script --><\/p>\n<div class=\"meetings-iframe-container\" data-src=\"https:\/\/meetings-eu1.hubspot.com\/meetings\/agill\/international-business-development-manager?embed=true\"><\/div>\n<p>    <script type=\"text\/javascript\" src=\"https:\/\/static.hsappstatic.net\/MeetingsEmbed\/ex\/MeetingsEmbedCode.js\"><\/script><br \/>\n  <!-- End of Meetings Embed Script --><\/p>\n\n\n\n<h2 class=\"wp-block-heading\">\ud83d\udd37 Bezplatn\u00e1 \u00favodn\u00e1 konzult\u00e1cia<\/h2>\n\n\n\n<h2 class=\"wp-block-heading\">Napl\u00e1nujte si stretnutie s na\u0161\u00edm Konzultantom pre medzin\u00e1rodn\u00e9 partnerstv\u00e1<\/h2>\n\n\n\n<p>V Lavoratori Stagionali\u2122 sa zameriavame na rozvoj partnerstiev a budovanie medzin\u00e1rodnej spolupr\u00e1ce.<br>Ak m\u00e1te z\u00e1ujem o nov\u00e9 obchodn\u00e9 pr\u00edle\u017eitosti, strategick\u00fa spolupr\u00e1cu alebo sa chcete dozvedie\u0165 viac o na\u0161ich slu\u017eb\u00e1ch, n\u00e1\u0161 <strong>Konzultant pre medzin\u00e1rodn\u00e9 partnerstv\u00e1<\/strong> je V\u00e1m plne k dispoz\u00edcii.<\/p>\n\n\n\n<p>Ver\u00edme v hodnotu osobn\u00e9ho pr\u00edstupu a radi sa bli\u017e\u0161ie obozn\u00e1mime s Va\u0161imi potrebami a cie\u013emi.<\/p>\n\n\n\n<hr class=\"wp-block-separator has-alpha-channel-opacity\"\/>\n\n\n\n<h2 class=\"wp-block-heading\">\ud83d\udd37 Pre\u010do si napl\u00e1nova\u0165 stretnutie?<\/h2>\n\n\n\n<ul class=\"wp-block-list\">\n<li><strong>Roz\u0161\u00edrte svoje medzin\u00e1rodn\u00e9 kontakty<\/strong><br>Zistite, ako m\u00f4\u017eeme podpori\u0165 V\u00e1\u0161 biznis na glob\u00e1lnej \u00farovni<\/li>\n\n\n\n<li><strong>Presk\u00famajte mo\u017enosti spolupr\u00e1ce<\/strong><br>Pon\u00fakame strategick\u00e9 rie\u0161enia pre vstup na nov\u00e9 trhy<\/li>\n\n\n\n<li><strong>Z\u00edskajte rie\u0161enia na mieru<\/strong><br>Odpor\u00fa\u010dania prisp\u00f4soben\u00e9 V\u00e1\u0161mu odvetviu a konkr\u00e9tnym potreb\u00e1m<\/li>\n\n\n\n<li><strong>Diskutujte o rie\u0161eniach pracovnej sily<\/strong><br>\u0160pecializujeme sa na prepojenie zamestn\u00e1vate\u013eov s kvalifikovan\u00fdmi pracovn\u00edkmi pre r\u00f4zne sektory<\/li>\n<\/ul>\n\n\n\n<hr class=\"wp-block-separator has-alpha-channel-opacity\"\/>\n\n\n\n<h2 class=\"wp-block-heading\">\ud83d\udd37 Detaily stretnutia<\/h2>\n\n\n\n<ul class=\"wp-block-list\">\n<li><strong>D\u013a\u017eka:<\/strong> 30 \u2013 60 min\u00fat (pod\u013ea Va\u0161ich potrieb)<\/li>\n\n\n\n<li><strong>Forma:<\/strong> Online (Zoom \/ Microsoft Teams) alebo osobn\u00e9 stretnutie (pod\u013ea lokality)<\/li>\n\n\n\n<li><strong>\u010casov\u00e9 p\u00e1sma:<\/strong> Pracujeme s klientmi glob\u00e1lne a stretnutie prisp\u00f4sob\u00edme V\u00e1\u0161mu \u010dasov\u00e9mu p\u00e1smu<\/li>\n<\/ul>\n\n\n\n<hr class=\"wp-block-separator has-alpha-channel-opacity\"\/>\n\n\n\n<h2 class=\"wp-block-heading\">\ud83d\udd37 Ako si napl\u00e1nova\u0165 stretnutie?<\/h2>\n\n\n\n<ol class=\"wp-block-list\">\n<li><strong>Vyberte si term\u00edn<\/strong><br>Zvo\u013ete si \u010das, ktor\u00fd V\u00e1m najviac vyhovuje<\/li>\n\n\n\n<li><strong>Vypl\u0148te z\u00e1kladn\u00e9 inform\u00e1cie<\/strong><br>Uve\u010fte stru\u010dn\u00e9 inform\u00e1cie o Va\u0161ej spolo\u010dnosti a t\u00e9me stretnutia<\/li>\n\n\n\n<li><strong>Potvrdenie stretnutia<\/strong><br>Po potvrden\u00ed obdr\u017e\u00edte pozv\u00e1nku do kalend\u00e1ra s detailmi a odkazom na pripojenie<\/li>\n<\/ol>\n\n\n\n<p>Po v\u00fdbere term\u00ednu V\u00e1m za\u0161leme potvrdzovac\u00ed e-mail so v\u0161etk\u00fdmi potrebn\u00fdmi inform\u00e1ciami.<\/p>\n\n\n\n<hr class=\"wp-block-separator has-alpha-channel-opacity\"\/>\n\n\n\n<h2 class=\"wp-block-heading\">\ud83d\udd37 Priamy kontakt<\/h2>\n\n\n\n<p>V pr\u00edpade ot\u00e1zok alebo potreby r\u00fdchlej asistencie n\u00e1s m\u00f4\u017eete kontaktova\u0165:<\/p>\n\n\n\n<p>\ud83d\udce7 <a>admin@lavoratori-stagionali.com<\/a><br>\ud83d\udcde +421 233 527663<\/p>\n\n\n\n<p><strong>Te\u0161\u00edme sa na spolupr\u00e1cu a spolo\u010dn\u00e9 obchodn\u00e9 pr\u00edle\u017eitosti.<\/strong> <\/p>\n","protected":false},"excerpt":{"rendered":"<p>\ud83d\udd37 Bezplatn\u00e1 \u00favodn\u00e1 konzult\u00e1cia Napl\u00e1nujte si stretnutie s na\u0161\u00edm Konzultantom pre medzin\u00e1rodn\u00e9 partnerstv\u00e1 V Lavoratori Stagionali\u2122 sa zameriavame na rozvoj partnerstiev a budovanie medzin\u00e1rodnej spolupr\u00e1ce.Ak &hellip; <\/p>\n","protected":false},"author":1,"featured_media":0,"parent":0,"menu_order":0,"comment_status":"closed","ping_status":"closed","template":"","meta":{"footnotes":""},"class_list":["post-383","page","type-page","status-publish","hentry"],"aioseo_notices":[],"_links":{"self":[{"href":"https:\/\/lavoratoristagionali.com\/Hiring\/wp-json\/wp\/v2\/pages\/383","targetHints":{"allow":["GET"]}}],"collection":[{"href":"https:\/\/lavoratoristagionali.com\/Hiring\/wp-json\/wp\/v2\/pages"}],"about":[{"href":"https:\/\/lavoratoristagionali.com\/Hiring\/wp-json\/wp\/v2\/types\/page"}],"author":[{"embeddable":true,"href":"https:\/\/lavoratoristagionali.com\/Hiring\/wp-json\/wp\/v2\/users\/1"}],"replies":[{"embeddable":true,"href":"https:\/\/lavoratoristagionali.com\/Hiring\/wp-json\/wp\/v2\/comments?post=383"}],"version-history":[{"count":5,"href":"https:\/\/lavoratoristagionali.com\/Hiring\/wp-json\/wp\/v2\/pages\/383\/revisions"}],"predecessor-version":[{"id":761,"href":"https:\/\/lavoratoristagionali.com\/Hiring\/wp-json\/wp\/v2\/pages\/383\/revisions\/761"}],"wp:attachment":[{"href":"https:\/\/lavoratoristagionali.com\/Hiring\/wp-json\/wp\/v2\/media?parent=383"}],"curies":[{"name":"wp","href":"https:\/\/api.w.org\/{rel}","templated":true}]}}